{"id":1088,"date":"2024-07-25T12:53:39","date_gmt":"2024-07-25T15:53:39","guid":{"rendered":"https:\/\/plimplim.tv\/?page_id=1088"},"modified":"2024-07-25T12:56:32","modified_gmt":"2024-07-25T15:56:32","slug":"legales","status":"publish","type":"page","link":"https:\/\/plimplim.tv\/en\/legales\/","title":{"rendered":"Legales"},"content":{"rendered":"<section class=\"wpb-content-wrapper\"><p>[vc_row css_animation=&#8221;&#8221; row_type=&#8221;row&#8221; use_row_as_full_screen_section=&#8221;no&#8221; type=&#8221;grid&#8221; angled_section=&#8221;no&#8221; text_align=&#8221;left&#8221; background_image_as_pattern=&#8221;without_pattern&#8221; css=&#8221;.vc_custom_1721922878481{padding-top: 60px !important;padding-bottom: 60px !important;}&#8221; z_index=&#8221;&#8221;][vc_column][vc_column_text]<\/p>\n<h5 class=\"colorBlue\">AUTORIZO A QUE LINDO ENTERTAINMENT S.A., CUIT 30711553181 LA \u201cEMPRESA\u201d, A PUBLICAR Y UTILIZAR LAS FOTOGRAF\u00cdAS YO VIDEOS QUE EN ESTE ACTO SUBO A LA P\u00c1GINA WEB ____ \u201cCONTENIDO\u201d Y PRESTO MI COMPLETA CONFORMIDAD CON LOS SIGUIENTES T\u00c9RMINOS Y CONDICIONES, EN NOMBRE DE MI PERSONA Y DE MI HIJOA MENOR DE EDAD.<\/h5>\n<p>[\/vc_column_text][vc_empty_space][vc_column_text]<\/p>\n<h5 class=\"colorBlue\">T\u00c9RMINOS Y CONDICIONES.<\/h5>\n<h5 class=\"colorBlue\">I.ENTIENDO Y ACEPTO QUE ESTE ACTO CONFORMA UNA CESI\u00d3N MIS DERECHOS DE IM\u00c1GEN1 YO DE LOS DERECHOS DE IM\u00c1GEN DE MI HIJO, CONFORME SURGE DEL CONTENIDO.<\/h5>\n<h5 class=\"colorBlue\">II.ENTIENDO Y ACEPTO QUE DICHA CESI\u00d3N COMPRENDE EL DERECHO DE REPRODUCCI\u00d3N, DISTRIBUCI\u00d3N Y COMUNICACI\u00d3N AL P\u00daBLICO Y NO IMPLICA DERECHO DE REMUNERACI\u00d3N PREVISTO EN EL ART. 56 DE LA LEY 11.723 DE PROPIEDAD INTELECTUAL Y DE GESTI\u00d3N COLECTIVA.<\/h5>\n<h5 class=\"colorBlue\">III.LA EMPRESA PODR\u00c1 PUBLICAR Y MANTENER PUBLICADO EL CONTENIDO EN CUALQUIERA DE SUS P\u00c1GINAS WEB, SIN L\u00cdMITE TEMPORAL NI GEOGR\u00c1FICO.<\/h5>\n<h5 class=\"colorBlue\">IV.LA EMPRESA PODR\u00c1 PUBLICAR Y DIFUNDIR EL CONTENIDO POR SUS REDES SOCIALES, CANALES DE YOUTUBE, DEM\u00c1S CANALES ONLINE, TELEVISI\u00d3N Y POR CUALQUIER OTRO MEDIO DE COMUNICACI\u00d3N.<\/h5>\n<h5 class=\"colorBlue\">V.LA EMPRESA PODR\u00c1 INCORPORAR EL CONTENIDO EN VIDEOCLIPS YO CUALQUIER OTRO PRODUCTO AUDIOVISUAL.<\/h5>\n<h5 class=\"colorBlue\">VI.AUTORIZO A LA EMPRESA A EDITAR YO ALTERAR YO EJECUTAR CUALQUIER ACTO QUE SE REQUIERA TENDIENTE A LA DIVULGACI\u00d3N YO COMUNICACI\u00d3N DEL CONTENIDO SIN RESTRICCIONES, NI L\u00cdMITES TEMPORALES YO GEOGR\u00c1FICOS.<\/h5>\n<p>[\/vc_column_text][\/vc_column][\/vc_row]<\/p>\n<\/section>","protected":false},"excerpt":{"rendered":"<p>[vc_row css_animation=&#8221;&#8221; row_type=&#8221;row&#8221; use_row_as_full_screen_section=&#8221;no&#8221; type=&#8221;grid&#8221; angled_section=&#8221;no&#8221; text_align=&#8221;left&#8221; background_image_as_pattern=&#8221;without_pattern&#8221; css=&#8221;.vc_custom_1721922878481{padding-top: 60px !important;padding-bottom: 60px !important;}&#8221; z_index=&#8221;&#8221;][vc_column][vc_column_text] AUTORIZO A QUE LINDO ENTERTAINMENT S.A., CUIT 30711553181 LA \u201cEMPRESA\u201d, A PUBLICAR Y UTILIZAR LAS FOTOGRAF\u00cdAS YO VIDEOS QUE EN ESTE ACTO SUBO A LA P\u00c1GINA WEB ____ \u201cCONTENIDO\u201d Y PRESTO&#8230;<\/p>\n","protected":false},"author":1,"featured_media":0,"parent":0,"menu_order":0,"comment_status":"closed","ping_status":"closed","template":"full_width.php","meta":{"footnotes":""},"class_list":["post-1088","page","type-page","status-publish","hentry"],"aioseo_notices":[],"_links":{"self":[{"href":"https:\/\/plimplim.tv\/en\/wp-json\/wp\/v2\/pages\/1088","targetHints":{"allow":["GET"]}}],"collection":[{"href":"https:\/\/plimplim.tv\/en\/wp-json\/wp\/v2\/pages"}],"about":[{"href":"https:\/\/plimplim.tv\/en\/wp-json\/wp\/v2\/types\/page"}],"author":[{"embeddable":true,"href":"https:\/\/plimplim.tv\/en\/wp-json\/wp\/v2\/users\/1"}],"replies":[{"embeddable":true,"href":"https:\/\/plimplim.tv\/en\/wp-json\/wp\/v2\/comments?post=1088"}],"version-history":[{"count":0,"href":"https:\/\/plimplim.tv\/en\/wp-json\/wp\/v2\/pages\/1088\/revisions"}],"wp:attachment":[{"href":"https:\/\/plimplim.tv\/en\/wp-json\/wp\/v2\/media?parent=1088"}],"curies":[{"name":"wp","href":"https:\/\/api.w.org\/{rel}","templated":true}]}}